{"id":99,"date":"2017-09-25T14:17:40","date_gmt":"2017-09-25T12:17:40","guid":{"rendered":"http:\/\/foto-dannemann.wp3.nextcontrol.de\/index.php\/startseite-copy\/"},"modified":"2017-11-15T08:17:48","modified_gmt":"2017-11-15T07:17:48","slug":"dannemann","status":"publish","type":"page","link":"https:\/\/www.foto-dannemann.com\/index.php\/dannemann\/","title":{"rendered":"Biografie"},"content":{"rendered":"<p>[vc_row][vc_column width=&#8220;1\/12&#8243;][\/vc_column][vc_column width=&#8220;1\/6&#8243;][\/vc_column][vc_column width=&#8220;1\/2&#8243;][vc_single_image image=&#8220;4&#8243; img_size=&#8220;299&#215;150&#8243; onclick=&#8220;custom_link&#8220; image_hovers=&#8220;false&#8220; link=&#8220;\/&#8220;][\/vc_column][vc_column width=&#8220;1\/6&#8243;][\/vc_column][vc_column width=&#8220;1\/12&#8243;][\/vc_column][\/vc_row][vc_row bg_type=&#8220;bg_color&#8220; ult_hide_row=&#8220;ult_hide_row_value&#8220; ult_hide_row_mobile=&#8220;mobile&#8220; ult_hide_row_mobile_large=&#8220;xl_mobile&#8220;][vc_column width=&#8220;1\/4&#8243;][vc_widget_sidebar show_bg=&#8220;false&#8220; sidebar_id=&#8220;sidebar_1&#8243;][\/vc_column][vc_column width=&#8220;3\/4&#8243;][vc_column_text]<\/p>\n<h1>Biografie<\/h1>\n<p class=\"justify\"><img loading=\"lazy\" class=\"size-medium wp-image-100 alignright bio-dannemann\" src=\"http:\/\/foto-dannemann.wp3.nextcontrol.de\/wp-content\/uploads\/sites\/8\/2017\/09\/320x242-images-fotobio_web-300x227.jpg\" alt=\"\" width=\"300\" height=\"227\" srcset=\"https:\/\/www.foto-dannemann.com\/wp-content\/uploads\/sites\/8\/2017\/09\/320x242-images-fotobio_web-300x227.jpg 300w, https:\/\/www.foto-dannemann.com\/wp-content\/uploads\/sites\/8\/2017\/09\/320x242-images-fotobio_web.jpg 320w\" sizes=\"(max-width: 300px) 100vw, 300px\" \/>Die Grundlagen der Fotografie lernte ich noch in analogen Zeiten, und dar\u00fcber bin ich sehr froh. Die Erfahrungen aus der Dunkelkammer helfen heute bei der Herstellung qualitativ hochwertiger Schwarzwei\u00dfaufnahmen. Und wenn man seine Sinar-Fachkamera fast blind bedienen konnte, dann kann man das Potential heutiger Tilt-Shift-Objektive bei Architekturaufnahmen viel besser aussch\u00f6pfen und die Postproduction auf ein sinnvolles Ma\u00df beschr\u00e4nken.<\/p>\n<p class=\"justify\">Aber weil man digital viele Dinge besser und kontrollierter machen kann, sehne ich mich schon lange nicht mehr in analoge Zeiten zur\u00fcck.<\/p>\n<p class=\"justify\">Nach Erfahrungen in verschiedenen Fotostudios, u.a. einem Gro\u00dfstudio des Bauer Verlages\u00a0in Hamburg, habe ich mich sp\u00e4ter in Cuxhaven selbstst\u00e4ndig gemacht. Da ein Studio, wie es mir gefallen w\u00fcrde, in Cuxhaven kaum wirtschaftlich zu betreiben ist, entschied ich mich f\u00fcr die mobile Variante. Beim Kunden wird gerade soviel aufgebaut, wie f\u00fcr die jeweiligen Aufnahmen n\u00f6tig ist. Das k\u00f6nnen kr\u00e4ftige Systemblitze sein, nat\u00fcrlich mit der neuesten Funksteuerung, die z\u00fcgiges und pr\u00e4zises Arbeiten erm\u00f6glichen. Oder Kompaktblitzger\u00e4te, oder Blitzk\u00f6pfe mit kr\u00e4ftigen Generatoren. Die entsprechenden Hintergr\u00fcnde sind alle f\u00fcr den\u00a0mobilen schnellen Einsatz konzipiert. Die Lichtformer werden je nach Kundenwunsch ausgew\u00e4hlt: F\u00fcr die Mitarbeiterportraits auf der Homepage wird ganz anders Licht gemacht, als wenn der Kunde ein charaktervolles Portrait w\u00fcnscht. Auf jeden Fall Studioqualit\u00e4t vor\u00a0Ort.<\/p>\n<p class=\"justify\">Bei Au\u00dfenaufnahmen mit nat\u00fcrlichem Licht wird ganz gezielt etwas dazu geblitzt, um die Aufnahmen zu optimieren. Ich versuche dabei sehr offenblendig zu arbeiten, um bei Blende\u00a02, 1,4 oder gar 1,2 den Hintergrund zart verschwimmen zu lassen. Durch neueste Blitztechnik\u00a0wird bis zu 1\/8000 sec. geblitzt. So kann man auch bei sehr sonnigen Wetter den Hintergrund zart verschwimmen lassen.<\/p>\n<p class=\"justify\">Bei Architekturaufnahmen, egal ob au\u00dfen oder innen, verwende ich die neuesten und besten\u00a0Spezialobjektive von Canon. Kombiniert mit neuester Blitztechnik kann ich sehr produktiv arbeiten und meinen Kunden sehr gute professionelle Qualit\u00e4t zu sehr fairen Preisen anbieten.<\/p>\n<p class=\"justify\"><strong>foto-dannemann.com in Cuxhaven hat also vereinfacht gesagt, 2 Standbeine,\u00a0&#8222;Menschen und Mauern&#8220;:<\/strong><\/p>\n<p class=\"justify\"><strong>Zu &#8222;Menschen&#8220; geh\u00f6rt:<\/strong> Aufnahmen von Mitarbeitern im Betrieb, sowohl als Portrait vor neutralem Hintergrund, als auch am Arbeitsplatz, traditionelle Portraits, Hochzeiten, Events,\u00a0Fotoshootings an verschiedenen Locations, egal ob die Fotos f\u00fcr facebook, als Geschenk,\u00a0f\u00fcr das zunehmende Internetdating oder einfach als Erinnerung gedacht sind. Wichtig ist mit dabei immer ein m\u00f6glichst nat\u00fcrliche Ausstrahlung der Fotografierten.<\/p>\n<p class=\"justify\"><strong>Zu &#8222;Mauern&#8220; geh\u00f6rt:<\/strong> Ferienwohnungen, Hotels, Gastst\u00e4tten, Restaurants, Firmengeb\u00e4ude,\u00a0Immobilien zum Verkauf, aber auch Schiffe, im Bau, fertig von au\u00dfen und innen.<\/p>\n<p style=\"text-align: right;\"><strong>Heina Dannemann<\/strong><\/p>\n<p>[\/vc_column_text][\/vc_column][\/vc_row][vc_row bg_type=&#8220;bg_color&#8220; ult_hide_row=&#8220;ult_hide_row_value&#8220; ult_hide_row_large_screen=&#8220;large_screen&#8220; ult_hide_row_desktop=&#8220;desktop&#8220; ult_hide_row_tablet=&#8220;tablet&#8220; ult_hide_row_tablet_small=&#8220;xs_tablet&#8220;][vc_column width=&#8220;3\/4&#8243;][vc_column_text]<\/p>\n<h1>Biografie<\/h1>\n<p class=\"justify\"><img loading=\"lazy\" class=\"size-medium wp-image-100 alignright bio-dannemann\" src=\"http:\/\/foto-dannemann.wp3.nextcontrol.de\/wp-content\/uploads\/sites\/8\/2017\/09\/320x242-images-fotobio_web-300x227.jpg\" alt=\"\" width=\"300\" height=\"227\" srcset=\"https:\/\/www.foto-dannemann.com\/wp-content\/uploads\/sites\/8\/2017\/09\/320x242-images-fotobio_web-300x227.jpg 300w, https:\/\/www.foto-dannemann.com\/wp-content\/uploads\/sites\/8\/2017\/09\/320x242-images-fotobio_web.jpg 320w\" sizes=\"(max-width: 300px) 100vw, 300px\" \/>Die Grundlagen der Fotografie lernte ich noch in analogen Zeiten, und dar\u00fcber bin ich sehr froh. Die Erfahrungen aus der Dunkelkammer helfen heute bei der Herstellung qualitativ hochwertiger Schwarzwei\u00dfaufnahmen. Und wenn man seine Sinar-Fachkamera fast blind bedienen konnte, dann kann man das Potential heutiger Tilt-Shift-Objektive bei Architekturaufnahmen viel besser aussch\u00f6pfen und die Postproduction auf ein sinnvolles Ma\u00df beschr\u00e4nken.<\/p>\n<p class=\"justify\">Aber weil man digital viele Dinge besser und kontrollierter machen kann, sehne ich mich schon lange nicht mehr in analoge Zeiten zur\u00fcck.<\/p>\n<p class=\"justify\">Nach Erfahrungen in verschiedenen Fotostudios, u.a. einem Gro\u00dfstudio des Bauer Verlages\u00a0in Hamburg, habe ich mich sp\u00e4ter in Cuxhaven selbstst\u00e4ndig gemacht. Da ein Studio, wie es mir gefallen w\u00fcrde, in Cuxhaven kaum wirtschaftlich zu betreiben ist, entschied ich mich f\u00fcr die mobile Variante. Beim Kunden wird gerade soviel aufgebaut, wie f\u00fcr die jeweiligen Aufnahmen n\u00f6tig ist. Das k\u00f6nnen kr\u00e4ftige Systemblitze sein, nat\u00fcrlich mit der neuesten Funksteuerung, die z\u00fcgiges und pr\u00e4zises Arbeiten erm\u00f6glichen. Oder Kompaktblitzger\u00e4te, oder Blitzk\u00f6pfe mit kr\u00e4ftigen Generatoren. Die entsprechenden Hintergr\u00fcnde sind alle f\u00fcr den\u00a0mobilen schnellen Einsatz konzipiert. Die Lichtformer werden je nach Kundenwunsch ausgew\u00e4hlt: F\u00fcr die Mitarbeiterportraits auf der Homepage wird ganz anders Licht gemacht, als wenn der Kunde ein charaktervolles Portrait w\u00fcnscht. Auf jeden Fall Studioqualit\u00e4t vor\u00a0Ort.<\/p>\n<p class=\"justify\">Bei Au\u00dfenaufnahmen mit nat\u00fcrlichem Licht wird ganz gezielt etwas dazu geblitzt, um die Aufnahmen zu optimieren. Ich versuche dabei sehr offenblendig zu arbeiten, um bei Blende\u00a02, 1,4 oder gar 1,2 den Hintergrund zart verschwimmen zu lassen. Durch neueste Blitztechnik\u00a0wird bis zu 1\/8000 sec. geblitzt. So kann man auch bei sehr sonnigen Wetter den Hintergrund zart verschwimmen lassen.<\/p>\n<p class=\"justify\">Bei Architekturaufnahmen, egal ob au\u00dfen oder innen, verwende ich die neuesten und besten\u00a0Spezialobjektive von Canon. Kombiniert mit neuester Blitztechnik kann ich sehr produktiv arbeiten und meinen Kunden sehr gute professionelle Qualit\u00e4t zu sehr fairen Preisen anbieten.<\/p>\n<p class=\"justify\"><strong>foto-dannemann.com in Cuxhaven hat also vereinfacht gesagt, 2 Standbeine,\u00a0&#8222;Menschen und Mauern&#8220;:<\/strong><\/p>\n<p class=\"justify\"><strong>Zu &#8222;Menschen&#8220; geh\u00f6rt:<\/strong> Aufnahmen von Mitarbeitern im Betrieb, sowohl als Portrait vor neutralem Hintergrund, als auch am Arbeitsplatz, traditionelle Portraits, Hochzeiten, Events,\u00a0Fotoshootings an verschiedenen Locations, egal ob die Fotos f\u00fcr facebook, als Geschenk,\u00a0f\u00fcr das zunehmende Internetdating oder einfach als Erinnerung gedacht sind. Wichtig ist mit dabei immer ein m\u00f6glichst nat\u00fcrliche Ausstrahlung der Fotografierten.<\/p>\n<p class=\"justify\"><strong>Zu &#8222;Mauern&#8220; geh\u00f6rt:<\/strong> Ferienwohnungen, Hotels, Gastst\u00e4tten, Restaurants, Firmengeb\u00e4ude,\u00a0Immobilien zum Verkauf, aber auch Schiffe, im Bau, fertig von au\u00dfen und innen.<\/p>\n<p style=\"text-align: right;\"><strong>Heina Dannemann<\/strong><\/p>\n<p>[\/vc_column_text][\/vc_column][vc_column width=&#8220;1\/4&#8243;][vc_widget_sidebar show_bg=&#8220;false&#8220; sidebar_id=&#8220;sidebar_1&#8243;][\/vc_column][\/vc_row]<\/p>\n","protected":false},"excerpt":{"rendered":"<p>[vc_row][vc_column width=&#8220;1\/12&#8243;][\/vc_column][vc_column width=&#8220;1\/6&#8243;][\/vc_column][vc_column width=&#8220;1\/2&#8243;][vc_single_image image=&#8220;4&#8243; img_size=&#8220;299&#215;150&#8243; onclick=&#8220;custom_link&#8220; image_hovers=&#8220;false&#8220; link=&#8220;\/&#8220;][\/vc_column][vc_column width=&#8220;1\/6&#8243;][\/vc_column][vc_column width=&#8220;1\/12&#8243;][\/vc_column][\/vc_row][vc_row bg_type=&#8220;bg_color&#8220; ult_hide_row=&#8220;ult_hide_row_value&#8220; ult_hide_row_mobile=&#8220;mobile&#8220; ult_hide_row_mobile_large=&#8220;xl_mobile&#8220;][vc_column width=&#8220;1\/4&#8243;][vc_widget_sidebar show_bg=&#8220;false&#8220; sidebar_id=&#8220;sidebar_1&#8243;][\/vc_column][vc_column width=&#8220;3\/4&#8243;][vc_column_text] Biografie Die Grundlagen der Fotografie lernte ich noch in analogen Zeiten, und dar\u00fcber bin ich sehr froh. Die Erfahrungen aus der Dunkelkammer helfen heute bei der Herstellung qualitativ hochwertiger Schwarzwei\u00dfaufnahmen. Und wenn man seine Sinar-Fachkamera fast&hellip;<\/p>\n","protected":false},"author":3,"featured_media":0,"parent":0,"menu_order":18,"comment_status":"closed","ping_status":"closed","template":"template-microsite.php","meta":[],"_links":{"self":[{"href":"https:\/\/www.foto-dannemann.com\/index.php\/wp-json\/wp\/v2\/pages\/99"}],"collection":[{"href":"https:\/\/www.foto-dannemann.com\/index.php\/wp-json\/wp\/v2\/pages"}],"about":[{"href":"https:\/\/www.foto-dannemann.com\/index.php\/wp-json\/wp\/v2\/types\/page"}],"author":[{"embeddable":true,"href":"https:\/\/www.foto-dannemann.com\/index.php\/wp-json\/wp\/v2\/users\/3"}],"replies":[{"embeddable":true,"href":"https:\/\/www.foto-dannemann.com\/index.php\/wp-json\/wp\/v2\/comments?post=99"}],"version-history":[{"count":13,"href":"https:\/\/www.foto-dannemann.com\/index.php\/wp-json\/wp\/v2\/pages\/99\/revisions"}],"predecessor-version":[{"id":551,"href":"https:\/\/www.foto-dannemann.com\/index.php\/wp-json\/wp\/v2\/pages\/99\/revisions\/551"}],"wp:attachment":[{"href":"https:\/\/www.foto-dannemann.com\/index.php\/wp-json\/wp\/v2\/media?parent=99"}],"curies":[{"name":"wp","href":"https:\/\/api.w.org\/{rel}","templated":true}]}}